{"id":5926,"date":"2024-04-12T13:53:03","date_gmt":"2024-04-12T13:53:03","guid":{"rendered":"https:\/\/aroomiturundus.ee\/lohnaotsija\/"},"modified":"2024-05-28T17:51:28","modified_gmt":"2024-05-28T17:51:28","slug":"lohnaotsija","status":"publish","type":"page","link":"https:\/\/www.aroomiturundus.ee\/lv\/lohnaotsija\/","title":{"rendered":"Arom\u0101tu mekl\u0113t\u0101js"},"content":{"rendered":"<p>[et_pb_section fb_built=&#8221;1&#8243; _builder_version=&#8221;4.24.3&#8243; _module_preset=&#8221;default&#8221; custom_padding=&#8221;0px|||||&#8221; global_colors_info=&#8221;{}&#8221;][et_pb_row disabled_on=&#8221;on|off|off&#8221; _builder_version=&#8221;4.24.3&#8243; _module_preset=&#8221;default&#8221; width=&#8221;70%&#8221; max_width=&#8221;70%&#8221; global_colors_info=&#8221;{}&#8221;][et_pb_column type=&#8221;4_4&#8243; _builder_version=&#8221;4.24.3&#8243; _module_preset=&#8221;default&#8221; global_colors_info=&#8221;{}&#8221;][et_pb_code _builder_version=&#8221;4.24.3&#8243; _module_preset=&#8221;default&#8221; hover_enabled=&#8221;0&#8243; global_colors_info=&#8221;{}&#8221; sticky_enabled=&#8221;0&#8243;]<\/p>\n<div data-tf-live=\"01HYX8H4DVF4P55ZY1BNWXR8Z6\"><\/div>\n<p><!-- [et_pb_line_break_holder] --><pee><script src=\"\/\/embed.typeform.com\/next\/embed.js\"><\/script>[\/et_pb_code][\/et_pb_column][\/et_pb_row][et_pb_row disabled_on=&#8221;off|on|on&#8221; _builder_version=&#8221;4.24.3&#8243; _module_preset=&#8221;default&#8221; width=&#8221;100%&#8221; max_width=&#8221;100%&#8221; global_colors_info=&#8221;{}&#8221;][et_pb_column type=&#8221;4_4&#8243; _builder_version=&#8221;4.24.3&#8243; _module_preset=&#8221;default&#8221; global_colors_info=&#8221;{}&#8221;][et_pb_code disabled_on=&#8221;on|on|off&#8221; _builder_version=&#8221;4.24.3&#8243; _module_preset=&#8221;default&#8221; width=&#8221;100%&#8221; max_width=&#8221;100%&#8221; hover_enabled=&#8221;0&#8243; global_colors_info=&#8221;{}&#8221; sticky_enabled=&#8221;0&#8243;]<\/p>\n<div data-tf-live=\"01HYX8H4DVF4P55ZY1BNWXR8Z6\"><\/div>\n<p><!-- [et_pb_line_break_holder] --><pee><script src=\"\/\/embed.typeform.com\/next\/embed.js\"><\/script>[\/et_pb_code][\/et_pb_column][\/et_pb_row][\/et_pb_section]<\/p>\n","protected":false},"excerpt":{"rendered":"","protected":false},"author":5,"featured_media":0,"parent":0,"menu_order":0,"comment_status":"closed","ping_status":"closed","template":"","meta":{"_et_pb_use_builder":"on","_et_pb_old_content":"","_et_gb_content_width":"","footnotes":""},"yoast_head":"<!-- This site is optimized with the Yoast SEO plugin v22.8 - https:\/\/yoast.com\/wordpress\/plugins\/seo\/ -->\n<title>Arom\u0101tu mekl\u0113t\u0101js - Aroomiturundus.ee<\/title>\n<meta name=\"robots\" content=\"index, follow, max-snippet:-1, max-image-preview:large, max-video-preview:-1\" \/>\n<link rel=\"canonical\" href=\"https:\/\/www.aroomiturundus.ee\/lv\/lohnaotsija\/\" \/>\n<meta property=\"og:locale\" content=\"lv_LV\" \/>\n<meta property=\"og:type\" content=\"article\" \/>\n<meta property=\"og:title\" content=\"Arom\u0101tu mekl\u0113t\u0101js - Aroomiturundus.ee\" \/>\n<meta property=\"og:url\" content=\"https:\/\/www.aroomiturundus.ee\/lv\/lohnaotsija\/\" \/>\n<meta property=\"og:site_name\" content=\"Aroomiturundus.ee\" \/>\n<meta property=\"article:modified_time\" content=\"2024-05-28T17:51:28+00:00\" \/>\n<meta name=\"twitter:card\" content=\"summary_large_image\" \/>\n<meta name=\"twitter:label1\" content=\"Est. reading time\" \/>\n\t<meta name=\"twitter:data1\" content=\"1 minute\" \/>\n<script type=\"application\/ld+json\" class=\"yoast-schema-graph\">{\"@context\":\"https:\/\/schema.org\",\"@graph\":[{\"@type\":\"WebPage\",\"@id\":\"https:\/\/www.aroomiturundus.ee\/lv\/lohnaotsija\/\",\"url\":\"https:\/\/www.aroomiturundus.ee\/lv\/lohnaotsija\/\",\"name\":\"Arom\u0101tu mekl\u0113t\u0101js - Aroomiturundus.ee\",\"isPartOf\":{\"@id\":\"https:\/\/aroomiturundus.ee\/#website\"},\"datePublished\":\"2024-04-12T13:53:03+00:00\",\"dateModified\":\"2024-05-28T17:51:28+00:00\",\"breadcrumb\":{\"@id\":\"https:\/\/www.aroomiturundus.ee\/lv\/lohnaotsija\/#breadcrumb\"},\"inLanguage\":\"lv-LV\",\"potentialAction\":[{\"@type\":\"ReadAction\",\"target\":[\"https:\/\/www.aroomiturundus.ee\/lv\/lohnaotsija\/\"]}]},{\"@type\":\"BreadcrumbList\",\"@id\":\"https:\/\/www.aroomiturundus.ee\/lv\/lohnaotsija\/#breadcrumb\",\"itemListElement\":[{\"@type\":\"ListItem\",\"position\":1,\"name\":\"Home\",\"item\":\"https:\/\/www.aroomiturundus.ee\/lv\/\"},{\"@type\":\"ListItem\",\"position\":2,\"name\":\"Arom\u0101tu mekl\u0113t\u0101js\"}]},{\"@type\":\"WebSite\",\"@id\":\"https:\/\/aroomiturundus.ee\/#website\",\"url\":\"https:\/\/aroomiturundus.ee\/\",\"name\":\"Aroomiturundus.ee\",\"description\":\"ScentAir Estonia - Nr1 l\u00f5hnaturundus maailmas\",\"potentialAction\":[{\"@type\":\"SearchAction\",\"target\":{\"@type\":\"EntryPoint\",\"urlTemplate\":\"https:\/\/aroomiturundus.ee\/?s={search_term_string}\"},\"query-input\":\"required name=search_term_string\"}],\"inLanguage\":\"lv-LV\"}]}<\/script>\n<!-- \/ Yoast SEO plugin. -->","yoast_head_json":{"title":"Arom\u0101tu mekl\u0113t\u0101js - Aroomiturundus.ee","robots":{"index":"index","follow":"follow","max-snippet":"max-snippet:-1","max-image-preview":"max-image-preview:large","max-video-preview":"max-video-preview:-1"},"canonical":"https:\/\/www.aroomiturundus.ee\/lv\/lohnaotsija\/","og_locale":"lv_LV","og_type":"article","og_title":"Arom\u0101tu mekl\u0113t\u0101js - Aroomiturundus.ee","og_url":"https:\/\/www.aroomiturundus.ee\/lv\/lohnaotsija\/","og_site_name":"Aroomiturundus.ee","article_modified_time":"2024-05-28T17:51:28+00:00","twitter_card":"summary_large_image","twitter_misc":{"Est. reading time":"1 minute"},"schema":{"@context":"https:\/\/schema.org","@graph":[{"@type":"WebPage","@id":"https:\/\/www.aroomiturundus.ee\/lv\/lohnaotsija\/","url":"https:\/\/www.aroomiturundus.ee\/lv\/lohnaotsija\/","name":"Arom\u0101tu mekl\u0113t\u0101js - Aroomiturundus.ee","isPartOf":{"@id":"https:\/\/aroomiturundus.ee\/#website"},"datePublished":"2024-04-12T13:53:03+00:00","dateModified":"2024-05-28T17:51:28+00:00","breadcrumb":{"@id":"https:\/\/www.aroomiturundus.ee\/lv\/lohnaotsija\/#breadcrumb"},"inLanguage":"lv-LV","potentialAction":[{"@type":"ReadAction","target":["https:\/\/www.aroomiturundus.ee\/lv\/lohnaotsija\/"]}]},{"@type":"BreadcrumbList","@id":"https:\/\/www.aroomiturundus.ee\/lv\/lohnaotsija\/#breadcrumb","itemListElement":[{"@type":"ListItem","position":1,"name":"Home","item":"https:\/\/www.aroomiturundus.ee\/lv\/"},{"@type":"ListItem","position":2,"name":"Arom\u0101tu mekl\u0113t\u0101js"}]},{"@type":"WebSite","@id":"https:\/\/aroomiturundus.ee\/#website","url":"https:\/\/aroomiturundus.ee\/","name":"Aroomiturundus.ee","description":"ScentAir Estonia - Nr1 l\u00f5hnaturundus maailmas","potentialAction":[{"@type":"SearchAction","target":{"@type":"EntryPoint","urlTemplate":"https:\/\/aroomiturundus.ee\/?s={search_term_string}"},"query-input":"required name=search_term_string"}],"inLanguage":"lv-LV"}]}},"_links":{"self":[{"href":"https:\/\/www.aroomiturundus.ee\/lv\/wp-json\/wp\/v2\/pages\/5926"}],"collection":[{"href":"https:\/\/www.aroomiturundus.ee\/lv\/wp-json\/wp\/v2\/pages"}],"about":[{"href":"https:\/\/www.aroomiturundus.ee\/lv\/wp-json\/wp\/v2\/types\/page"}],"author":[{"embeddable":true,"href":"https:\/\/www.aroomiturundus.ee\/lv\/wp-json\/wp\/v2\/users\/5"}],"replies":[{"embeddable":true,"href":"https:\/\/www.aroomiturundus.ee\/lv\/wp-json\/wp\/v2\/comments?post=5926"}],"version-history":[{"count":5,"href":"https:\/\/www.aroomiturundus.ee\/lv\/wp-json\/wp\/v2\/pages\/5926\/revisions"}],"predecessor-version":[{"id":6253,"href":"https:\/\/www.aroomiturundus.ee\/lv\/wp-json\/wp\/v2\/pages\/5926\/revisions\/6253"}],"wp:attachment":[{"href":"https:\/\/www.aroomiturundus.ee\/lv\/wp-json\/wp\/v2\/media?parent=5926"}],"curies":[{"name":"wp","href":"https:\/\/api.w.org\/{rel}","templated":true}]}}